{"id":94,"date":"2021-01-25T17:16:25","date_gmt":"2021-01-25T17:16:25","guid":{"rendered":"http:\/\/www.villasalbufeira.com\/?page_id=94"},"modified":"2025-12-16T15:36:42","modified_gmt":"2025-12-16T15:36:42","slug":"home","status":"publish","type":"page","link":"https:\/\/www.villasalbufeira.com\/","title":{"rendered":"home"},"content":{"rendered":"\t\t<div data-elementor-type=\"wp-page\" data-elementor-id=\"94\" class=\"elementor elementor-94\" data-elementor-settings=\"[]\">\n\t\t\t\t\t\t\t<div class=\"elementor-section-wrap\">\n\t\t\t\t\t\t\t<section class=\"elementor-section elementor-top-section elementor-element elementor-element-ab41a52 elementor-section-full_width elementor-section-height-default elementor-section-height-default\" data-id=\"ab41a52\" data-element_type=\"section\">\n\t\t\t\t\t\t<div class=\"elementor-container elementor-column-gap-default\">\n\t\t\t\t\t<div class=\"elementor-column elementor-col-100 elementor-top-column elementor-element elementor-element-ddb31f6\" data-id=\"ddb31f6\" data-element_type=\"column\">\n\t\t\t<div class=\"elementor-widget-wrap elementor-element-populated\">\n\t\t\t\t\t\t\t\t<div class=\"elementor-element elementor-element-4006cf3 elementor-widget elementor-widget-image\" data-id=\"4006cf3\" data-element_type=\"widget\" data-widget_type=\"image.default\">\n\t\t\t\t<div class=\"elementor-widget-container\">\n\t\t\t<style>\/*! elementor - v3.5.6 - 28-02-2022 *\/\n.elementor-widget-image{text-align:center}.elementor-widget-image a{display:inline-block}.elementor-widget-image a img[src$=\".svg\"]{width:48px}.elementor-widget-image img{vertical-align:middle;display:inline-block}<\/style>\t\t\t\t\t\t\t\t\t\t\t\t<img loading=\"lazy\" decoding=\"async\" width=\"1536\" height=\"400\" src=\"https:\/\/www.villasalbufeira.com\/wp-content\/uploads\/2021\/01\/beach.jpg\" class=\"attachment-full size-full\" alt=\"\" srcset=\"https:\/\/www.villasalbufeira.com\/wp-content\/uploads\/2021\/01\/beach.jpg 1536w, https:\/\/www.villasalbufeira.com\/wp-content\/uploads\/2021\/01\/beach-300x78.jpg 300w, https:\/\/www.villasalbufeira.com\/wp-content\/uploads\/2021\/01\/beach-1024x267.jpg 1024w, https:\/\/www.villasalbufeira.com\/wp-content\/uploads\/2021\/01\/beach-768x200.jpg 768w\" sizes=\"auto, (max-width: 1536px) 100vw, 1536px\" \/>\t\t\t\t\t\t\t\t\t\t\t\t\t\t\t<\/div>\n\t\t\t\t<\/div>\n\t\t\t\t\t<\/div>\n\t\t<\/div>\n\t\t\t\t\t\t\t<\/div>\n\t\t<\/section>\n\t\t\t\t<section class=\"elementor-section elementor-top-section elementor-element elementor-element-379f2e3 elementor-section-boxed elementor-section-height-default elementor-section-height-default\" data-id=\"379f2e3\" data-element_type=\"section\">\n\t\t\t\t\t\t<div class=\"elementor-container elementor-column-gap-default\">\n\t\t\t\t\t<div class=\"elementor-column elementor-col-25 elementor-top-column elementor-element elementor-element-60db2f1\" data-id=\"60db2f1\" data-element_type=\"column\">\n\t\t\t<div class=\"elementor-widget-wrap elementor-element-populated\">\n\t\t\t\t\t\t\t\t<div class=\"elementor-element elementor-element-00b552b robin elementor-widget elementor-widget-heading\" data-id=\"00b552b\" data-element_type=\"widget\" data-widget_type=\"heading.default\">\n\t\t\t\t<div class=\"elementor-widget-container\">\n\t\t\t<style>\/*! elementor - v3.5.6 - 28-02-2022 *\/\n.elementor-heading-title{padding:0;margin:0;line-height:1}.elementor-widget-heading .elementor-heading-title[class*=elementor-size-]>a{color:inherit;font-size:inherit;line-height:inherit}.elementor-widget-heading .elementor-heading-title.elementor-size-small{font-size:15px}.elementor-widget-heading .elementor-heading-title.elementor-size-medium{font-size:19px}.elementor-widget-heading .elementor-heading-title.elementor-size-large{font-size:29px}.elementor-widget-heading .elementor-heading-title.elementor-size-xl{font-size:39px}.elementor-widget-heading .elementor-heading-title.elementor-size-xxl{font-size:59px}<\/style><span class=\"elementor-heading-title elementor-size-medium\">Property Management<\/span>\t\t<\/div>\n\t\t\t\t<\/div>\n\t\t\t\t<div class=\"elementor-element elementor-element-d604a9e elementor-widget elementor-widget-image\" data-id=\"d604a9e\" data-element_type=\"widget\" data-widget_type=\"image.default\">\n\t\t\t\t<div class=\"elementor-widget-container\">\n\t\t\t\t\t\t\t\t\t\t\t\t\t\t\t\t<a href=\"http:\/\/www.villasalbufeira.com\/index.php\/elementor-76\/\">\n\t\t\t\t\t\t\t<img decoding=\"async\" src=\"https:\/\/www.villasalbufeira.com\/wp-content\/uploads\/2021\/01\/Moradia-T5-Vale-de-Parra-Marta-S.-41-scaled.jpg\" title=\"Moradia T5 &#8211; Vale de Parra &#8211; Marta S. 41\" alt=\"Moradia T5 - Vale de Parra - Marta S. 41\" \/>\t\t\t\t\t\t\t\t<\/a>\n\t\t\t\t\t\t\t\t\t\t\t\t\t\t\t<\/div>\n\t\t\t\t<\/div>\n\t\t\t\t<div class=\"elementor-element elementor-element-d112294 elementor-widget elementor-widget-text-editor\" data-id=\"d112294\" data-element_type=\"widget\" data-widget_type=\"text-editor.default\">\n\t\t\t\t<div class=\"elementor-widget-container\">\n\t\t\t<style>\/*! elementor - v3.5.6 - 28-02-2022 *\/\n.elementor-widget-text-editor.elementor-drop-cap-view-stacked .elementor-drop-cap{background-color:#818a91;color:#fff}.elementor-widget-text-editor.elementor-drop-cap-view-framed .elementor-drop-cap{color:#818a91;border:3px solid;background-color:transparent}.elementor-widget-text-editor:not(.elementor-drop-cap-view-default) .elementor-drop-cap{margin-top:8px}.elementor-widget-text-editor:not(.elementor-drop-cap-view-default) .elementor-drop-cap-letter{width:1em;height:1em}.elementor-widget-text-editor .elementor-drop-cap{float:left;text-align:center;line-height:1;font-size:50px}.elementor-widget-text-editor .elementor-drop-cap-letter{display:inline-block}<\/style>\t\t\t\t<ul><li><span style=\"vertical-align: inherit;\"><span style=\"vertical-align: inherit;\">Podemos supervisionar o design das suas moradias desde o in\u00edcio.<\/span><\/span><\/li><li><span style=\"vertical-align: inherit;\"><span style=\"vertical-align: inherit;\">Pequenos projetos, reformas, reconstru\u00e7\u00f5es, pedidos de licen\u00e7as, liga\u00e7\u00e3o e assessoria com arquitetos, engenheiros, construtores e comerciantes.<\/span><\/span><\/li><li><span style=\"vertical-align: inherit;\"><span style=\"vertical-align: inherit;\">Podemos supervisionar e organizar os trabalhos de acabamento e pintura.<\/span><\/span><\/li><li><span style=\"font-size: inherit; color: var( --e-global-color-text ); font-family: var( --e-global-typography-text-font-family ), Sans-serif; font-weight: var( --e-global-typography-text-font-weight );\"><span style=\"vertical-align: inherit;\"><span style=\"vertical-align: inherit;\">Podemos providenciar todos os trabalhos e or\u00e7amentos\u00a0<\/span><\/span><\/span><\/li><li><span style=\"font-size: inherit; color: var( --e-global-color-text ); font-family: var( --e-global-typography-text-font-family ), Sans-serif; font-weight: var( --e-global-typography-text-font-weight );\"><\/span><span style=\"color: var( --e-global-color-text ); font-family: var( --e-global-typography-text-font-family ), Sans-serif; font-weight: var( --e-global-typography-text-font-weight );\"><span style=\"vertical-align: inherit;\"><span style=\"vertical-align: inherit;\">Remodela\u00e7\u00e3o<\/span><\/span><\/span><\/li><li><span style=\"vertical-align: inherit;\"><span style=\"vertical-align: inherit;\">Renova\u00e7\u00f5es<\/span><\/span><\/li><li><span style=\"vertical-align: inherit;\"><span style=\"vertical-align: inherit;\">Problemas de impermeabiliza\u00e7\u00e3o e umidade<\/span><\/span><\/li><li><span style=\"vertical-align: inherit;\"><span style=\"vertical-align: inherit;\">Reinstala\u00e7\u00f5es de hidr\u00e1ulica e el\u00e9trica, etc&#8230;<\/span><\/span><\/li><li style=\"text-align: left;\"><span style=\"vertical-align: inherit;\"><span style=\"vertical-align: inherit;\">Aluguel de casas<\/span><\/span><\/li><\/ul>\t\t\t\t\t\t<\/div>\n\t\t\t\t<\/div>\n\t\t\t\t\t<\/div>\n\t\t<\/div>\n\t\t\t\t<div class=\"elementor-column elementor-col-25 elementor-top-column elementor-element elementor-element-1f012af\" data-id=\"1f012af\" data-element_type=\"column\">\n\t\t\t<div class=\"elementor-widget-wrap elementor-element-populated\">\n\t\t\t\t\t\t\t\t<div class=\"elementor-element elementor-element-94eb9eb elementor-widget elementor-widget-heading\" data-id=\"94eb9eb\" data-element_type=\"widget\" data-widget_type=\"heading.default\">\n\t\t\t\t<div class=\"elementor-widget-container\">\n\t\t\t<h2 class=\"elementor-heading-title elementor-size-medium\"><font style=\"vertical-align: inherit;\"><\/font><font style=\"vertical-align: inherit;\"><font style=\"vertical-align: inherit;\">Aluguer<\/font><font style=\"vertical-align: inherit;\"> de casas<\/font><\/font><\/h2>\t\t<\/div>\n\t\t\t\t<\/div>\n\t\t\t\t<div class=\"elementor-element elementor-element-867bfca elementor-widget elementor-widget-image\" data-id=\"867bfca\" data-element_type=\"widget\" data-widget_type=\"image.default\">\n\t\t\t\t<div class=\"elementor-widget-container\">\n\t\t\t\t\t\t\t\t\t\t\t\t\t\t\t\t<a href=\"http:\/\/www.villasalbufeira.com\/index.php\/villas\/\">\n\t\t\t\t\t\t\t<img decoding=\"async\" src=\"https:\/\/www.villasalbufeira.com\/wp-content\/uploads\/2021\/02\/5ea1b1e2-f1c9-4b89-b9da-4d63fbc6f3db.f10.jpg\" title=\"5ea1b1e2-f1c9-4b89-b9da-4d63fbc6f3db.f10\" alt=\"5ea1b1e2-f1c9-4b89-b9da-4d63fbc6f3db.f10\" \/>\t\t\t\t\t\t\t\t<\/a>\n\t\t\t\t\t\t\t\t\t\t\t\t\t\t\t<\/div>\n\t\t\t\t<\/div>\n\t\t\t\t<div class=\"elementor-element elementor-element-820e06b elementor-widget elementor-widget-text-editor\" data-id=\"820e06b\" data-element_type=\"widget\" data-widget_type=\"text-editor.default\">\n\t\t\t\t<div class=\"elementor-widget-container\">\n\t\t\t\t\t\t\t<ul><li>Manage and maintain your property.<\/li><li>We arrang key collection.<\/li><li>Cleaning Service<\/li><li>Pool services<\/li><li>Gardening services<\/li><li>Repairs<\/li><li>Inventory control<\/li><li>Customer visit<\/li><li>Taxi or rental transfers<\/li><\/ul>\t\t\t\t\t\t<\/div>\n\t\t\t\t<\/div>\n\t\t\t\t\t<\/div>\n\t\t<\/div>\n\t\t\t\t<div class=\"elementor-column elementor-col-25 elementor-top-column elementor-element elementor-element-bc534d1\" data-id=\"bc534d1\" data-element_type=\"column\">\n\t\t\t<div class=\"elementor-widget-wrap elementor-element-populated\">\n\t\t\t\t\t\t\t\t<div class=\"elementor-element elementor-element-784bd56 elementor-widget elementor-widget-heading\" data-id=\"784bd56\" data-element_type=\"widget\" data-widget_type=\"heading.default\">\n\t\t\t\t<div class=\"elementor-widget-container\">\n\t\t\t<h2 class=\"elementor-heading-title elementor-size-medium\">Airport Transfers <\/h2>\t\t<\/div>\n\t\t\t\t<\/div>\n\t\t\t\t<div class=\"elementor-element elementor-element-9c074ab elementor-widget elementor-widget-image\" data-id=\"9c074ab\" data-element_type=\"widget\" data-widget_type=\"image.default\">\n\t\t\t\t<div class=\"elementor-widget-container\">\n\t\t\t\t\t\t\t\t\t\t\t\t\t\t\t\t<a href=\"http:\/\/www.villasalbufeira.com\/index.php\/transfers\/\">\n\t\t\t\t\t\t\t<img decoding=\"async\" src=\"https:\/\/www.villasalbufeira.com\/wp-content\/uploads\/2021\/03\/airport-transfers4-1.png\" title=\"airport-transfers4\" alt=\"airport-transfers4\" \/>\t\t\t\t\t\t\t\t<\/a>\n\t\t\t\t\t\t\t\t\t\t\t\t\t\t\t<\/div>\n\t\t\t\t<\/div>\n\t\t\t\t<div class=\"elementor-element elementor-element-b22ad6a elementor-widget elementor-widget-text-editor\" data-id=\"b22ad6a\" data-element_type=\"widget\" data-widget_type=\"text-editor.default\">\n\t\t\t\t<div class=\"elementor-widget-container\">\n\t\t\t\t\t\t\t<p>\u00a0 \u00a0 \u00a0 \u00a0 \u00a0 \u00a0 \u00a0 \u00a0 \u00a0 \u00a0 \u00a0 \u00a0 \u00a0 \u00a0 \u00a0 \u00a0 \u00a0 \u00a0 \u00a0 \u00a0 \u00a0 \u00a0 \u00a0 \u00a0 \u00a0 \u00a0 \u00a0 \u00a0 \u00a0 \u00a0 \u00a0 \u00a0 \u00a0 \u00a0 \u00a0 \u00a0 \u00a0 \u00a0 We do transfer service in cars of 5, 9 and 12 seats for the entire Algarve, please ask for your Quote.<\/p>\t\t\t\t\t\t<\/div>\n\t\t\t\t<\/div>\n\t\t\t\t\t<\/div>\n\t\t<\/div>\n\t\t\t\t<div class=\"elementor-column elementor-col-25 elementor-top-column elementor-element elementor-element-8774b97\" data-id=\"8774b97\" data-element_type=\"column\">\n\t\t\t<div class=\"elementor-widget-wrap elementor-element-populated\">\n\t\t\t\t\t\t\t\t<div class=\"elementor-element elementor-element-c2b2a5c elementor-widget elementor-widget-heading\" data-id=\"c2b2a5c\" data-element_type=\"widget\" data-widget_type=\"heading.default\">\n\t\t\t\t<div class=\"elementor-widget-container\">\n\t\t\t<h2 class=\"elementor-heading-title elementor-size-medium\"><font style=\"vertical-align: inherit;\"><font style=\"vertical-align: inherit;\">Coisas para fazer e desfrutar em Albufeira<\/font><\/font><font style=\"vertical-align: inherit;\"><font style=\"vertical-align: inherit;\">!!!<\/font><\/font><\/h2>\t\t<\/div>\n\t\t\t\t<\/div>\n\t\t\t\t<div class=\"elementor-element elementor-element-5fe3483 elementor-widget elementor-widget-image\" data-id=\"5fe3483\" data-element_type=\"widget\" data-widget_type=\"image.default\">\n\t\t\t\t<div class=\"elementor-widget-container\">\n\t\t\t\t\t\t\t\t\t\t\t\t\t\t\t<img decoding=\"async\" src=\"https:\/\/www.villasalbufeira.com\/wp-content\/uploads\/2021\/03\/ALBUFEIRA_2a.jpg\" title=\"ALBUFEIRA_2a\" alt=\"ALBUFEIRA_2a\" \/>\t\t\t\t\t\t\t\t\t\t\t\t\t\t\t<\/div>\n\t\t\t\t<\/div>\n\t\t\t\t<div class=\"elementor-element elementor-element-436679b elementor-widget elementor-widget-text-editor\" data-id=\"436679b\" data-element_type=\"widget\" data-widget_type=\"text-editor.default\">\n\t\t\t\t<div class=\"elementor-widget-container\">\n\t\t\t\t\t\t\t<p><strong><span style=\"vertical-align: inherit;\"><span style=\"vertical-align: inherit;\"><span style=\"vertical-align: inherit;\"><span style=\"vertical-align: inherit;\">Albufeira \u00e9 um destino fant\u00e1stico no Algarve com muitas coisas para fazer para todas as idades, interesses e or\u00e7amentos e \u00e9 por isso que \u00e9 amada por muitas pessoas de todo o mundo.<\/span><\/span><\/span><\/span><\/strong><\/p><p><strong><span style=\"vertical-align: inherit;\"><span style=\"vertical-align: inherit;\"><span style=\"vertical-align: inherit;\"><span style=\"vertical-align: inherit;\">Se voc\u00ea est\u00e1 procurando alguma inspira\u00e7\u00e3o para o que fazer em Albufeira, esperamos que voc\u00ea goste do nosso guia, dando nossa sele\u00e7\u00e3o de algumas atra\u00e7\u00f5es de Albufeira!<\/span><\/span><\/span><\/span><\/strong><\/p><p><strong><span style=\"vertical-align: inherit;\"><span style=\"vertical-align: inherit;\"><span style=\"vertical-align: inherit;\"><span style=\"vertical-align: inherit;\">Com tanta coisa dada, algumas ideias em Albufeira \u00e9 imposs\u00edvel incluir todos, mas espero que tenhamos todos! <\/span><\/span><\/span><span style=\"vertical-align: inherit;\"><span style=\"vertical-align: inherit;\"><span style=\"vertical-align: inherit;\">Espero que tenha tempo para fazer todas as suas coisas favoritas em Albufeira.\u00a0<\/span><\/span><\/span><\/span><\/strong><\/p>\t\t\t\t\t\t<\/div>\n\t\t\t\t<\/div>\n\t\t\t\t\t<\/div>\n\t\t<\/div>\n\t\t\t\t\t\t\t<\/div>\n\t\t<\/section>\n\t\t\t\t\t\t<\/div>\n\t\t\t\t\t<\/div>\n\t\t","protected":false},"excerpt":{"rendered":"<p>Property Management Podemos supervisionar o design das suas moradias desde o in\u00edcio. Pequenos projetos, reformas, reconstru\u00e7\u00f5es, pedidos de licen\u00e7as, liga\u00e7\u00e3o e assessoria com arquitetos, engenheiros, construtores e comerciantes. Podemos supervisionar e organizar os trabalhos de acabamento e pintura. Podemos providenciar todos os trabalhos e or\u00e7amentos\u00a0 Remodela\u00e7\u00e3o Renova\u00e7\u00f5es Problemas de impermeabiliza\u00e7\u00e3o [&hellip;]<\/p>\n","protected":false},"author":1,"featured_media":0,"parent":0,"menu_order":0,"comment_status":"closed","ping_status":"closed","template":"elementor_header_footer","meta":{"footnotes":""},"class_list":["post-94","page","type-page","status-publish","hentry"],"_links":{"self":[{"href":"https:\/\/www.villasalbufeira.com\/index.php\/wp-json\/wp\/v2\/pages\/94","targetHints":{"allow":["GET"]}}],"collection":[{"href":"https:\/\/www.villasalbufeira.com\/index.php\/wp-json\/wp\/v2\/pages"}],"about":[{"href":"https:\/\/www.villasalbufeira.com\/index.php\/wp-json\/wp\/v2\/types\/page"}],"author":[{"embeddable":true,"href":"https:\/\/www.villasalbufeira.com\/index.php\/wp-json\/wp\/v2\/users\/1"}],"replies":[{"embeddable":true,"href":"https:\/\/www.villasalbufeira.com\/index.php\/wp-json\/wp\/v2\/comments?post=94"}],"version-history":[{"count":259,"href":"https:\/\/www.villasalbufeira.com\/index.php\/wp-json\/wp\/v2\/pages\/94\/revisions"}],"predecessor-version":[{"id":4417,"href":"https:\/\/www.villasalbufeira.com\/index.php\/wp-json\/wp\/v2\/pages\/94\/revisions\/4417"}],"wp:attachment":[{"href":"https:\/\/www.villasalbufeira.com\/index.php\/wp-json\/wp\/v2\/media?parent=94"}],"curies":[{"name":"wp","href":"https:\/\/api.w.org\/{rel}","templated":true}]}}